{"id":846,"date":"2023-04-06T11:48:16","date_gmt":"2023-04-06T11:48:16","guid":{"rendered":"https:\/\/aqualife-3palabrua.nl\/te-doen\/mangrove-park\/"},"modified":"2023-12-04T14:10:42","modified_gmt":"2023-12-04T14:10:42","slug":"mangrove-park","status":"publish","type":"page","link":"https:\/\/aqualife-3palabrua.nl\/en\/te-doen\/mangrove-park\/","title":{"rendered":"Mangrove Park"},"content":{"rendered":"\t\t<div data-elementor-type=\"wp-page\" data-elementor-id=\"846\" class=\"elementor elementor-846 elementor-295\" data-elementor-post-type=\"page\">\n\t\t\t\t\t\t<section class=\"elementor-section elementor-top-section elementor-element elementor-element-ff8b59f elementor-section-height-min-height elementor-section-stretched elementor-section-boxed elementor-section-height-default elementor-section-items-middle\" data-id=\"ff8b59f\" data-element_type=\"section\" data-e-type=\"section\" data-settings=\"{&quot;stretch_section&quot;:&quot;section-stretched&quot;,&quot;background_background&quot;:&quot;slideshow&quot;,&quot;background_slideshow_gallery&quot;:[{&quot;id&quot;:36,&quot;url&quot;:&quot;https:\\\/\\\/aqualife-3palabrua.nl\\\/wp-content\\\/uploads\\\/2022\\\/09\\\/Palabrua-hout.jpg&quot;},{&quot;id&quot;:51,&quot;url&quot;:&quot;https:\\\/\\\/aqualife-3palabrua.nl\\\/wp-content\\\/uploads\\\/2022\\\/09\\\/Palabrua-teras.jpg&quot;},{&quot;id&quot;:53,&quot;url&quot;:&quot;https:\\\/\\\/aqualife-3palabrua.nl\\\/wp-content\\\/uploads\\\/2022\\\/09\\\/palabrua-zwembad.jpg&quot;},{&quot;id&quot;:52,&quot;url&quot;:&quot;https:\\\/\\\/aqualife-3palabrua.nl\\\/wp-content\\\/uploads\\\/2022\\\/09\\\/palabrua-wijn.jpg&quot;},{&quot;id&quot;:50,&quot;url&quot;:&quot;https:\\\/\\\/aqualife-3palabrua.nl\\\/wp-content\\\/uploads\\\/2022\\\/09\\\/Palabrua-huis1.jpg&quot;}],&quot;background_slideshow_transition_duration&quot;:1500,&quot;background_slideshow_ken_burns&quot;:&quot;yes&quot;,&quot;background_slideshow_loop&quot;:&quot;yes&quot;,&quot;background_slideshow_slide_duration&quot;:5000,&quot;background_slideshow_slide_transition&quot;:&quot;fade&quot;,&quot;background_slideshow_ken_burns_zoom_direction&quot;:&quot;in&quot;}\">\n\t\t\t\t\t\t<div class=\"elementor-container elementor-column-gap-default\">\n\t\t\t\t\t<div class=\"elementor-column elementor-col-50 elementor-top-column elementor-element elementor-element-da59a88\" data-id=\"da59a88\" data-element_type=\"column\" data-e-type=\"column\" data-settings=\"{&quot;background_background&quot;:&quot;classic&quot;}\">\n\t\t\t<div class=\"elementor-widget-wrap elementor-element-populated\">\n\t\t\t\t\t\t<div class=\"elementor-element elementor-element-d3940f3 elementor-widget elementor-widget-heading\" data-id=\"d3940f3\" data-element_type=\"widget\" data-e-type=\"widget\" data-widget_type=\"heading.default\">\n\t\t\t\t<div class=\"elementor-widget-container\">\n\t\t\t\t\t<h2 class=\"elementor-heading-title elementor-size-default\">Cura\u00e7ao Reef <br>\nMangrove Park<\/h2>\t\t\t\t<\/div>\n\t\t\t\t<\/div>\n\t\t\t\t\t<\/div>\n\t\t<\/div>\n\t\t\t\t<div class=\"elementor-column elementor-col-50 elementor-top-column elementor-element elementor-element-b8b7367\" data-id=\"b8b7367\" data-element_type=\"column\" data-e-type=\"column\">\n\t\t\t<div class=\"elementor-widget-wrap\">\n\t\t\t\t\t\t\t<\/div>\n\t\t<\/div>\n\t\t\t\t\t<\/div>\n\t\t<\/section>\n\t\t\t\t<section class=\"elementor-section elementor-top-section elementor-element elementor-element-c8050de elementor-section-stretched elementor-section-boxed elementor-section-height-default elementor-section-height-default\" data-id=\"c8050de\" data-element_type=\"section\" data-e-type=\"section\" data-settings=\"{&quot;stretch_section&quot;:&quot;section-stretched&quot;}\">\n\t\t\t\t\t\t<div class=\"elementor-container elementor-column-gap-default\">\n\t\t\t\t\t<div class=\"elementor-column elementor-col-100 elementor-top-column elementor-element elementor-element-1b0ddf0\" data-id=\"1b0ddf0\" data-element_type=\"column\" data-e-type=\"column\">\n\t\t\t<div class=\"elementor-widget-wrap elementor-element-populated\">\n\t\t\t\t\t\t<div class=\"elementor-element elementor-element-47ef15a elementor-widget elementor-widget-text-editor\" data-id=\"47ef15a\" data-element_type=\"widget\" data-e-type=\"widget\" data-widget_type=\"text-editor.default\">\n\t\t\t\t<div class=\"elementor-widget-container\">\n\t\t\t\t\t\t\t\t\t<p>The Cura\u00e7ao Rif Mangrove Park is a unique city park in Cura\u00e7ao consisting of mangrove trees. Take a stroll along the boardwalk over the water through the mangrove forest and learn more about the area.<\/p>\n<p>Walk along the bridge over the water through the mangrove forest and discover more about the surroundings. Our guide will be happy to share information about the history, flora, and fauna of the park.<\/p>\t\t\t\t\t\t\t\t<\/div>\n\t\t\t\t<\/div>\n\t\t\t\t<div class=\"elementor-element elementor-element-b7e8404 elementor-widget elementor-widget-heading\" data-id=\"b7e8404\" data-element_type=\"widget\" data-e-type=\"widget\" data-widget_type=\"heading.default\">\n\t\t\t\t<div class=\"elementor-widget-container\">\n\t\t\t\t\t<h2 class=\"elementor-heading-title elementor-size-default\">Highlights<\/h2>\t\t\t\t<\/div>\n\t\t\t\t<\/div>\n\t\t\t\t<div class=\"elementor-element elementor-element-20d1982 elementor-widget elementor-widget-text-editor\" data-id=\"20d1982\" data-element_type=\"widget\" data-e-type=\"widget\" data-widget_type=\"text-editor.default\">\n\t\t\t\t<div class=\"elementor-widget-container\">\n\t\t\t\t\t\t\t\t\t<div class=\"flex-1 overflow-hidden\">\n<div class=\"react-scroll-to-bottom--css-esyph-79elbk h-full\">\n<div class=\"react-scroll-to-bottom--css-esyph-1n7m0yu\">\n<div class=\"flex flex-col pb-9 text-sm\">\n<div class=\"w-full text-token-text-primary\" data-testid=\"conversation-turn-167\">\n<div class=\"px-4 py-2 justify-center text-base md:gap-6 m-auto\">\n<div class=\"flex flex-1 text-base mx-auto gap-3 md:px-5 lg:px-1 xl:px-5 md:max-w-3xl lg:max-w-[40rem] xl:max-w-[48rem] } group final-completion\">\n<div class=\"relative flex w-full flex-col lg:w-[calc(100%-115px)] agent-turn\">\n<div class=\"flex-col gap-1 md:gap-3\">\n<div class=\"flex flex-grow flex-col max-w-full\">\n<div class=\"min-h-[20px] text-message flex flex-col items-start gap-3 whitespace-pre-wrap break-words [.text-message+&amp;]:mt-5 overflow-x-auto\" data-message-author-role=\"assistant\" data-message-id=\"d0c470bd-d041-4e28-bdda-b5035d37cad8\">\n<div class=\"markdown prose w-full break-words dark:prose-invert light\">\n<ul>\n<li>Learn more about the history of the Rif area.<\/li>\n<li>Learn more about the bird species living in the park.<\/li>\n<li>Discover why mangrove trees are important.<\/li>\n<\/ul>\n<\/div>\n<\/div>\n<\/div>\n<div class=\"mt-1 flex justify-start gap-3 empty:hidden\">\u00a0<\/div>\n<\/div>\n<\/div>\n<\/div>\n<\/div>\n<\/div>\n<\/div>\n<\/div>\n<\/div>\n<\/div>\n<div class=\"w-full pt-2 md:pt-0 dark:border-white\/20 md:border-transparent md:dark:border-transparent md:w-[calc(100%-.5rem)]\">\u00a0<\/div>\t\t\t\t\t\t\t\t<\/div>\n\t\t\t\t<\/div>\n\t\t\t\t<div class=\"elementor-element elementor-element-87d64da elementor-widget elementor-widget-heading\" data-id=\"87d64da\" data-element_type=\"widget\" data-e-type=\"widget\" data-widget_type=\"heading.default\">\n\t\t\t\t<div class=\"elementor-widget-container\">\n\t\t\t\t\t<h2 class=\"elementor-heading-title elementor-size-default\">included<\/h2>\t\t\t\t<\/div>\n\t\t\t\t<\/div>\n\t\t\t\t<div class=\"elementor-element elementor-element-5939b33 elementor-widget elementor-widget-text-editor\" data-id=\"5939b33\" data-element_type=\"widget\" data-e-type=\"widget\" data-widget_type=\"text-editor.default\">\n\t\t\t\t<div class=\"elementor-widget-container\">\n\t\t\t\t\t\t\t\t\t<ul>\n<li>Tourguide<\/li>\n<\/ul>\t\t\t\t\t\t\t\t<\/div>\n\t\t\t\t<\/div>\n\t\t\t\t<div class=\"elementor-element elementor-element-629d1ce elementor-widget elementor-widget-heading\" data-id=\"629d1ce\" data-element_type=\"widget\" data-e-type=\"widget\" data-widget_type=\"heading.default\">\n\t\t\t\t<div class=\"elementor-widget-container\">\n\t\t\t\t\t<h2 class=\"elementor-heading-title elementor-size-default\">Traveler tips<\/h2>\t\t\t\t<\/div>\n\t\t\t\t<\/div>\n\t\t\t\t<div class=\"elementor-element elementor-element-b2247b8 elementor-widget elementor-widget-text-editor\" data-id=\"b2247b8\" data-element_type=\"widget\" data-e-type=\"widget\" data-widget_type=\"text-editor.default\">\n\t\t\t\t<div class=\"elementor-widget-container\">\n\t\t\t\t\t\t\t\t\t<div class=\"flex-1 overflow-hidden\">\n<div class=\"react-scroll-to-bottom--css-esyph-79elbk h-full\">\n<div class=\"react-scroll-to-bottom--css-esyph-1n7m0yu\">\n<div class=\"flex flex-col pb-9 text-sm\">\n<div class=\"w-full text-token-text-primary\" data-testid=\"conversation-turn-169\">\n<div class=\"px-4 py-2 justify-center text-base md:gap-6 m-auto\">\n<div class=\"flex flex-1 text-base mx-auto gap-3 md:px-5 lg:px-1 xl:px-5 md:max-w-3xl lg:max-w-[40rem] xl:max-w-[48rem] } group final-completion\">\n<div class=\"relative flex w-full flex-col lg:w-[calc(100%-115px)] agent-turn\">\n<div class=\"flex-col gap-1 md:gap-3\">\n<div class=\"flex flex-grow flex-col max-w-full\">\n<div class=\"min-h-[20px] text-message flex flex-col items-start gap-3 whitespace-pre-wrap break-words [.text-message+&amp;]:mt-5 overflow-x-auto\" data-message-author-role=\"assistant\" data-message-id=\"313e64d7-c914-4d75-9737-6b3b0e298bbf\">\n<div class=\"markdown prose w-full break-words dark:prose-invert light\">\n<ul>\n<li>Take comfortable shoes.<\/li>\n<li>Bring a camera.<\/li>\n<\/ul>\n<\/div>\n<\/div>\n<\/div>\n<div class=\"mt-1 flex justify-start gap-3 empty:hidden\">\u00a0<\/div>\n<\/div>\n<\/div>\n<\/div>\n<\/div>\n<\/div>\n<\/div>\n<\/div>\n<\/div>\n<\/div>\n<div class=\"w-full pt-2 md:pt-0 dark:border-white\/20 md:border-transparent md:dark:border-transparent md:w-[calc(100%-.5rem)]\">\u00a0<\/div>\t\t\t\t\t\t\t\t<\/div>\n\t\t\t\t<\/div>\n\t\t\t\t<div class=\"elementor-element elementor-element-358d37b elementor-widget elementor-widget-heading\" data-id=\"358d37b\" data-element_type=\"widget\" data-e-type=\"widget\" data-widget_type=\"heading.default\">\n\t\t\t\t<div class=\"elementor-widget-container\">\n\t\t\t\t\t<h2 class=\"elementor-heading-title elementor-size-default\">More information<\/h2>\t\t\t\t<\/div>\n\t\t\t\t<\/div>\n\t\t\t\t<div class=\"elementor-element elementor-element-72c9146 elementor-widget elementor-widget-text-editor\" data-id=\"72c9146\" data-element_type=\"widget\" data-e-type=\"widget\" data-widget_type=\"text-editor.default\">\n\t\t\t\t<div class=\"elementor-widget-container\">\n\t\t\t\t\t\t\t\t\t<p><a href=\"https:\/\/curacaoactivities.com\/nl\/tour\/curacao-rif-mangrove-park\/\" target=\"_blank\" rel=\"noopener\">https:\/\/curacaoactivities.com\/nl\/tour\/curacao-rif-mangrove-park\/<\/a><\/p>\t\t\t\t\t\t\t\t<\/div>\n\t\t\t\t<\/div>\n\t\t\t\t\t<\/div>\n\t\t<\/div>\n\t\t\t\t\t<\/div>\n\t\t<\/section>\n\t\t\t\t<\/div>\n\t\t","protected":false},"excerpt":{"rendered":"<p>Cura\u00e7ao Reef Mangrove Park The Cura\u00e7ao Rif Mangrove Park is a unique city park in Cura\u00e7ao consisting of mangrove trees. Take a stroll along the boardwalk over the water through the mangrove forest and learn more about the area. Walk along the bridge over the water through the mangrove forest and discover more about the [&hellip;]<\/p>\n","protected":false},"author":4,"featured_media":0,"parent":682,"menu_order":0,"comment_status":"closed","ping_status":"closed","template":"","meta":{"_acf_changed":false,"footnotes":""},"class_list":["post-846","page","type-page","status-publish","hentry"],"acf":[],"_links":{"self":[{"href":"https:\/\/aqualife-3palabrua.nl\/en\/wp-json\/wp\/v2\/pages\/846","targetHints":{"allow":["GET"]}}],"collection":[{"href":"https:\/\/aqualife-3palabrua.nl\/en\/wp-json\/wp\/v2\/pages"}],"about":[{"href":"https:\/\/aqualife-3palabrua.nl\/en\/wp-json\/wp\/v2\/types\/page"}],"author":[{"embeddable":true,"href":"https:\/\/aqualife-3palabrua.nl\/en\/wp-json\/wp\/v2\/users\/4"}],"replies":[{"embeddable":true,"href":"https:\/\/aqualife-3palabrua.nl\/en\/wp-json\/wp\/v2\/comments?post=846"}],"version-history":[{"count":4,"href":"https:\/\/aqualife-3palabrua.nl\/en\/wp-json\/wp\/v2\/pages\/846\/revisions"}],"predecessor-version":[{"id":850,"href":"https:\/\/aqualife-3palabrua.nl\/en\/wp-json\/wp\/v2\/pages\/846\/revisions\/850"}],"up":[{"embeddable":true,"href":"https:\/\/aqualife-3palabrua.nl\/en\/wp-json\/wp\/v2\/pages\/682"}],"wp:attachment":[{"href":"https:\/\/aqualife-3palabrua.nl\/en\/wp-json\/wp\/v2\/media?parent=846"}],"curies":[{"name":"wp","href":"https:\/\/api.w.org\/{rel}","templated":true}]}}