{"id":731,"date":"2023-04-06T11:46:46","date_gmt":"2023-04-06T11:46:46","guid":{"rendered":"https:\/\/aqualife-3palabrua.nl\/te-doen\/boottrip\/"},"modified":"2023-12-04T12:06:54","modified_gmt":"2023-12-04T12:06:54","slug":"boottrip","status":"publish","type":"page","link":"https:\/\/aqualife-3palabrua.nl\/en\/te-doen\/boottrip\/","title":{"rendered":"Boottrip"},"content":{"rendered":"\t\t<div data-elementor-type=\"wp-page\" data-elementor-id=\"731\" class=\"elementor elementor-731 elementor-285\" data-elementor-post-type=\"page\">\n\t\t\t\t\t\t<section class=\"elementor-section elementor-top-section elementor-element elementor-element-549d545 elementor-section-height-min-height elementor-section-stretched elementor-section-boxed elementor-section-height-default elementor-section-items-middle\" data-id=\"549d545\" data-element_type=\"section\" data-e-type=\"section\" data-settings=\"{&quot;stretch_section&quot;:&quot;section-stretched&quot;,&quot;background_background&quot;:&quot;slideshow&quot;,&quot;background_slideshow_gallery&quot;:[{&quot;id&quot;:36,&quot;url&quot;:&quot;https:\\\/\\\/aqualife-3palabrua.nl\\\/wp-content\\\/uploads\\\/2022\\\/09\\\/Palabrua-hout.jpg&quot;},{&quot;id&quot;:51,&quot;url&quot;:&quot;https:\\\/\\\/aqualife-3palabrua.nl\\\/wp-content\\\/uploads\\\/2022\\\/09\\\/Palabrua-teras.jpg&quot;},{&quot;id&quot;:53,&quot;url&quot;:&quot;https:\\\/\\\/aqualife-3palabrua.nl\\\/wp-content\\\/uploads\\\/2022\\\/09\\\/palabrua-zwembad.jpg&quot;},{&quot;id&quot;:52,&quot;url&quot;:&quot;https:\\\/\\\/aqualife-3palabrua.nl\\\/wp-content\\\/uploads\\\/2022\\\/09\\\/palabrua-wijn.jpg&quot;},{&quot;id&quot;:50,&quot;url&quot;:&quot;https:\\\/\\\/aqualife-3palabrua.nl\\\/wp-content\\\/uploads\\\/2022\\\/09\\\/Palabrua-huis1.jpg&quot;}],&quot;background_slideshow_transition_duration&quot;:1500,&quot;background_slideshow_ken_burns&quot;:&quot;yes&quot;,&quot;background_slideshow_loop&quot;:&quot;yes&quot;,&quot;background_slideshow_slide_duration&quot;:5000,&quot;background_slideshow_slide_transition&quot;:&quot;fade&quot;,&quot;background_slideshow_ken_burns_zoom_direction&quot;:&quot;in&quot;}\">\n\t\t\t\t\t\t<div class=\"elementor-container elementor-column-gap-default\">\n\t\t\t\t\t<div class=\"elementor-column elementor-col-50 elementor-top-column elementor-element elementor-element-3a4a771\" data-id=\"3a4a771\" data-element_type=\"column\" data-e-type=\"column\" data-settings=\"{&quot;background_background&quot;:&quot;classic&quot;}\">\n\t\t\t<div class=\"elementor-widget-wrap elementor-element-populated\">\n\t\t\t\t\t\t<div class=\"elementor-element elementor-element-b5f7059 elementor-widget elementor-widget-heading\" data-id=\"b5f7059\" data-element_type=\"widget\" data-e-type=\"widget\" data-widget_type=\"heading.default\">\n\t\t\t\t<div class=\"elementor-widget-container\">\n\t\t\t\t\t<h2 class=\"elementor-heading-title elementor-size-default\">Boottour to <br>Little  Cura\u00e7ao<\/h2>\t\t\t\t<\/div>\n\t\t\t\t<\/div>\n\t\t\t\t\t<\/div>\n\t\t<\/div>\n\t\t\t\t<div class=\"elementor-column elementor-col-50 elementor-top-column elementor-element elementor-element-00954f5\" data-id=\"00954f5\" data-element_type=\"column\" data-e-type=\"column\">\n\t\t\t<div class=\"elementor-widget-wrap\">\n\t\t\t\t\t\t\t<\/div>\n\t\t<\/div>\n\t\t\t\t\t<\/div>\n\t\t<\/section>\n\t\t\t\t<section class=\"elementor-section elementor-top-section elementor-element elementor-element-fbcd961 elementor-section-stretched elementor-section-boxed elementor-section-height-default elementor-section-height-default\" data-id=\"fbcd961\" data-element_type=\"section\" data-e-type=\"section\" data-settings=\"{&quot;stretch_section&quot;:&quot;section-stretched&quot;}\">\n\t\t\t\t\t\t<div class=\"elementor-container elementor-column-gap-default\">\n\t\t\t\t\t<div class=\"elementor-column elementor-col-100 elementor-top-column elementor-element elementor-element-33a8526\" data-id=\"33a8526\" data-element_type=\"column\" data-e-type=\"column\">\n\t\t\t<div class=\"elementor-widget-wrap elementor-element-populated\">\n\t\t\t\t\t\t<div class=\"elementor-element elementor-element-944c170 elementor-widget elementor-widget-text-editor\" data-id=\"944c170\" data-element_type=\"widget\" data-e-type=\"widget\" data-widget_type=\"text-editor.default\">\n\t\t\t\t<div class=\"elementor-widget-container\">\n\t\t\t\t\t\t\t\t\t<p>The most enjoyable boat trip to Klein Cura\u00e7ao awaits you here! An untouched paradise is about an hour&#8217;s sail from Cura\u00e7ao&#8230; The islet Klein Cura\u00e7ao is a white pearl in the midst of the dark blue ocean. You&#8217;ll be dazzled by a silvery-white sandy beach, and who knows, you might even swim with sea turtles. This day trip aboard Cura\u00e7ao&#8217;s most luxurious yacht, the Serendipity, is a favorite!<\/p>\n<p>The boat trip to Klein Cura\u00e7ao begins at 7:30 AM from Santa Barbara on Boca 19. Please be present at 7:00 AM for check-in. Step on board a luxurious yacht, where you&#8217;ll receive a warm welcome from the friendly crew, and a delicious cup of tea or coffee is served as you sail from Barbara Beach into the open sea. Keep an eye out, as with a bit of luck, you might spot a group of dolphins!<\/p>\n<p>After about an hour and fifteen minutes, you&#8217;ll arrive at Klein Cura\u00e7ao, faster than any other yacht. Except for a few fishing huts and an antique lighthouse, this islet is entirely untouched. Start your morning with a delightful breakfast on the island, take a walk around, lounge on the heavenly beach, and keep your snorkel ready: numerous sea turtles swim around Klein Cura\u00e7ao. An extensive barbecue lunch is included.<\/p>\n<p>Around 3:30 PM, the yacht departs back towards Barbara Beach, and you can enjoy the calm sea, the beautiful view, and relish the memories of a wonderful day on Klein Cura\u00e7ao! Between 5:00 and 5:30 PM, the boat docks at Barbara Beach, and you&#8217;ll be transported back to your accommodation by bus.<\/p>\t\t\t\t\t\t\t\t<\/div>\n\t\t\t\t<\/div>\n\t\t\t\t<div class=\"elementor-element elementor-element-12c7749 elementor-widget elementor-widget-heading\" data-id=\"12c7749\" data-element_type=\"widget\" data-e-type=\"widget\" data-widget_type=\"heading.default\">\n\t\t\t\t<div class=\"elementor-widget-container\">\n\t\t\t\t\t<h2 class=\"elementor-heading-title elementor-size-default\">Highlights<\/h2>\t\t\t\t<\/div>\n\t\t\t\t<\/div>\n\t\t\t\t<div class=\"elementor-element elementor-element-fe25982 elementor-widget elementor-widget-text-editor\" data-id=\"fe25982\" data-element_type=\"widget\" data-e-type=\"widget\" data-widget_type=\"text-editor.default\">\n\t\t\t\t<div class=\"elementor-widget-container\">\n\t\t\t\t\t\t\t\t\t<ul>\n<li>Relaxing boat trip<\/li>\n<li>Discover the breathtaking underwater world of Klein Cura\u00e7ao<\/li>\n<li>Snorkel safari with sea turtles<\/li>\n<\/ul>\t\t\t\t\t\t\t\t<\/div>\n\t\t\t\t<\/div>\n\t\t\t\t<div class=\"elementor-element elementor-element-9f4f286 elementor-widget elementor-widget-heading\" data-id=\"9f4f286\" data-element_type=\"widget\" data-e-type=\"widget\" data-widget_type=\"heading.default\">\n\t\t\t\t<div class=\"elementor-widget-container\">\n\t\t\t\t\t<h2 class=\"elementor-heading-title elementor-size-default\">Included<\/h2>\t\t\t\t<\/div>\n\t\t\t\t<\/div>\n\t\t\t\t<div class=\"elementor-element elementor-element-8aa3307 elementor-widget elementor-widget-text-editor\" data-id=\"8aa3307\" data-element_type=\"widget\" data-e-type=\"widget\" data-widget_type=\"text-editor.default\">\n\t\t\t\t<div class=\"elementor-widget-container\">\n\t\t\t\t\t\t\t\t\t<ul>\n<li>Breakfast with coffee and tea<\/li>\n<li>Barbecue lunch with salad, soft drinks, and water<\/li>\n<li>Palapas with shade and beach huts<\/li>\n<li>Beach beds Snorkeling equipment<\/li>\n<li>Turtle snorkel tour with guide A &#8216;Rum punch&#8217; during the return journey<\/li>\n<\/ul>\t\t\t\t\t\t\t\t<\/div>\n\t\t\t\t<\/div>\n\t\t\t\t<div class=\"elementor-element elementor-element-239a60d elementor-widget elementor-widget-heading\" data-id=\"239a60d\" data-element_type=\"widget\" data-e-type=\"widget\" data-widget_type=\"heading.default\">\n\t\t\t\t<div class=\"elementor-widget-container\">\n\t\t\t\t\t<h2 class=\"elementor-heading-title elementor-size-default\">Traveler Tips<\/h2>\t\t\t\t<\/div>\n\t\t\t\t<\/div>\n\t\t\t\t<div class=\"elementor-element elementor-element-a31f867 elementor-widget elementor-widget-text-editor\" data-id=\"a31f867\" data-element_type=\"widget\" data-e-type=\"widget\" data-widget_type=\"text-editor.default\">\n\t\t\t\t<div class=\"elementor-widget-container\">\n\t\t\t\t\t\t\t\t\t<ul>\n<li>Bring a towel, swimwear, fins, sunscreen, a change of clothes, and don&#8217;t forget your favorite book.<\/li>\n<li>For children, we recommend protective clothing and possibly a hat.<\/li>\n<li>We suggest taking a motion sickness pill if you have never sailed at sea before.<\/li>\n<li>Please inform us in advance of any specific dietary preferences\/allergies.<\/li>\n<li>Child price is for ages 4-12, children aged 0-3 go for free.<\/li>\n<li>Transfer is optional.<\/li>\n<\/ul>\t\t\t\t\t\t\t\t<\/div>\n\t\t\t\t<\/div>\n\t\t\t\t<div class=\"elementor-element elementor-element-5384159 elementor-widget elementor-widget-heading\" data-id=\"5384159\" data-element_type=\"widget\" data-e-type=\"widget\" data-widget_type=\"heading.default\">\n\t\t\t\t<div class=\"elementor-widget-container\">\n\t\t\t\t\t<h2 class=\"elementor-heading-title elementor-size-default\">More information<\/h2>\t\t\t\t<\/div>\n\t\t\t\t<\/div>\n\t\t\t\t<div class=\"elementor-element elementor-element-6b35ec0 elementor-widget elementor-widget-text-editor\" data-id=\"6b35ec0\" data-element_type=\"widget\" data-e-type=\"widget\" data-widget_type=\"text-editor.default\">\n\t\t\t\t<div class=\"elementor-widget-container\">\n\t\t\t\t\t\t\t\t\t<p><a href=\"https:\/\/curacaoactivities.com\/nl\/tour\/boottrip-klein-curacao-miss-ann\/\" target=\"_blank\" rel=\"noopener\">https:\/\/curacaoactivities.com\/nl\/tour\/boottrip-klein-curacao-miss-ann\/<\/a><\/p>\t\t\t\t\t\t\t\t<\/div>\n\t\t\t\t<\/div>\n\t\t\t\t\t<\/div>\n\t\t<\/div>\n\t\t\t\t\t<\/div>\n\t\t<\/section>\n\t\t\t\t<\/div>\n\t\t","protected":false},"excerpt":{"rendered":"<p>Boottour to Little Cura\u00e7ao The most enjoyable boat trip to Klein Cura\u00e7ao awaits you here! An untouched paradise is about an hour&#8217;s sail from Cura\u00e7ao&#8230; The islet Klein Cura\u00e7ao is a white pearl in the midst of the dark blue ocean. You&#8217;ll be dazzled by a silvery-white sandy beach, and who knows, you might even [&hellip;]<\/p>\n","protected":false},"author":4,"featured_media":0,"parent":682,"menu_order":0,"comment_status":"closed","ping_status":"closed","template":"","meta":{"_acf_changed":false,"footnotes":""},"class_list":["post-731","page","type-page","status-publish","hentry"],"acf":[],"_links":{"self":[{"href":"https:\/\/aqualife-3palabrua.nl\/en\/wp-json\/wp\/v2\/pages\/731","targetHints":{"allow":["GET"]}}],"collection":[{"href":"https:\/\/aqualife-3palabrua.nl\/en\/wp-json\/wp\/v2\/pages"}],"about":[{"href":"https:\/\/aqualife-3palabrua.nl\/en\/wp-json\/wp\/v2\/types\/page"}],"author":[{"embeddable":true,"href":"https:\/\/aqualife-3palabrua.nl\/en\/wp-json\/wp\/v2\/users\/4"}],"replies":[{"embeddable":true,"href":"https:\/\/aqualife-3palabrua.nl\/en\/wp-json\/wp\/v2\/comments?post=731"}],"version-history":[{"count":16,"href":"https:\/\/aqualife-3palabrua.nl\/en\/wp-json\/wp\/v2\/pages\/731\/revisions"}],"predecessor-version":[{"id":749,"href":"https:\/\/aqualife-3palabrua.nl\/en\/wp-json\/wp\/v2\/pages\/731\/revisions\/749"}],"up":[{"embeddable":true,"href":"https:\/\/aqualife-3palabrua.nl\/en\/wp-json\/wp\/v2\/pages\/682"}],"wp:attachment":[{"href":"https:\/\/aqualife-3palabrua.nl\/en\/wp-json\/wp\/v2\/media?parent=731"}],"curies":[{"name":"wp","href":"https:\/\/api.w.org\/{rel}","templated":true}]}}